{"id":17,"date":"2016-02-12T08:09:36","date_gmt":"2016-02-12T08:09:36","guid":{"rendered":"http:\/\/demos.famethemes.com\/onepress\/?page_id=17"},"modified":"2020-07-15T11:35:02","modified_gmt":"2020-07-15T09:35:02","slug":"our-history","status":"publish","type":"page","link":"https:\/\/danplast.pl\/?page_id=17","title":{"rendered":"Nasza historia"},"content":{"rendered":"<p>Rozpocz\u0119li\u015bmy dzia\u0142alno\u015b\u0107 w 1988 roku jako Zak\u0142ad Przetw\u00f3rstwa Tworzyw Sztucznych i Gumy , wykonuj\u0105c aglomeraty i regranulaty tworzyw sztucznych.<br \/>\nW 1994 roku zosta\u0142 zmieniony profil dzia\u0142alno\u015bci firmy oraz zosta\u0142a zmieniona nazwa&nbsp; na DANPLAST .<br \/>\nI wtedy , jako pierwszy zak\u0142ad w Polsce , rozpocz\u0119li\u015bmy produkcj\u0119 z tworzywa sztucznego podstaw drogowych i podstaw do przeno\u015bnych ogrodze\u0144 .<br \/>\n<strong>Dbamy o \u015brodowisko naturalne wykorzystuj\u0105c tworzywa sztuczne pochodz\u0105ce z recyklingu&nbsp; <\/strong>W ten spos\u00f3b kilkadziesi\u0105t tysi\u0119cy ton tworzywa zamienili\u015bmy na kilkaset tysi\u0119cy podstaw drogowych i podstaw do przeno\u015bnych ogrodze\u0144( tzw.budowlanych ). I od 26 lat dostarczamy je klientom w Unii Europejskiej i poza ni\u0105.<\/p>\n","protected":false},"excerpt":{"rendered":"<p>Rozpocz\u0119li\u015bmy dzia\u0142alno\u015b\u0107 w 1988 roku jako Zak\u0142ad Przetw\u00f3rstwa Tworzyw Sztucznych i Gumy , wykonuj\u0105c aglomeraty i regranulaty tworzyw sztucznych. W 1994 roku zosta\u0142 zmieniony profil dzia\u0142alno\u015bci firmy oraz zosta\u0142a zmieniona &#8230;<\/p>\n","protected":false},"author":1,"featured_media":1549,"parent":0,"menu_order":0,"comment_status":"closed","ping_status":"closed","template":"","meta":[],"_links":{"self":[{"href":"https:\/\/danplast.pl\/index.php?rest_route=\/wp\/v2\/pages\/17"}],"collection":[{"href":"https:\/\/danplast.pl\/index.php?rest_route=\/wp\/v2\/pages"}],"about":[{"href":"https:\/\/danplast.pl\/index.php?rest_route=\/wp\/v2\/types\/page"}],"author":[{"embeddable":true,"href":"https:\/\/danplast.pl\/index.php?rest_route=\/wp\/v2\/users\/1"}],"replies":[{"embeddable":true,"href":"https:\/\/danplast.pl\/index.php?rest_route=%2Fwp%2Fv2%2Fcomments&post=17"}],"version-history":[{"count":7,"href":"https:\/\/danplast.pl\/index.php?rest_route=\/wp\/v2\/pages\/17\/revisions"}],"predecessor-version":[{"id":1585,"href":"https:\/\/danplast.pl\/index.php?rest_route=\/wp\/v2\/pages\/17\/revisions\/1585"}],"wp:featuredmedia":[{"embeddable":true,"href":"https:\/\/danplast.pl\/index.php?rest_route=\/wp\/v2\/media\/1549"}],"wp:attachment":[{"href":"https:\/\/danplast.pl\/index.php?rest_route=%2Fwp%2Fv2%2Fmedia&parent=17"}],"curies":[{"name":"wp","href":"https:\/\/api.w.org\/{rel}","templated":true}]}}